{"id":8,"date":"2024-06-26T07:09:25","date_gmt":"2024-06-26T07:09:25","guid":{"rendered":"https:\/\/sb.io.vn\/spa01\/?page_id=8"},"modified":"2024-07-01T06:40:50","modified_gmt":"2024-07-01T06:40:50","slug":"gioi-thieu","status":"publish","type":"page","link":"https:\/\/sb.io.vn\/spa01\/gioi-thieu\/","title":{"rendered":"Gi\u1edbi Thi\u1ec7u"},"content":{"rendered":"<p>C\u00f4ng ty ch\u00fang t\u00f4i t\u1ef1 h\u00e0o l\u00e0 m\u1ed9t trong nh\u1eefng \u0111\u01a1n v\u1ecb h\u00e0ng \u0111\u1ea7u trong l\u0129nh v\u1ef1c cung c\u1ea5p c\u00e1c d\u1ecbch v\u1ee5 spa cao c\u1ea5p t\u1ea1i Vi\u1ec7t Nam. V\u1edbi t\u1ea7m nh\u00ecn chi\u1ebfn l\u01b0\u1ee3c v\u00e0 s\u1ee9 m\u1ec7nh mang l\u1ea1i s\u1ef1 th\u01b0 gi\u00e3n tuy\u1ec7t \u0111\u1ed1i v\u00e0 ch\u0103m s\u00f3c s\u1ee9c kh\u1ecfe to\u00e0n di\u1ec7n cho kh\u00e1ch h\u00e0ng, ch\u00fang t\u00f4i \u0111\u00e3 kh\u00f4ng ng\u1eebng n\u1ed7 l\u1ef1c \u0111\u1ec3 ph\u00e1t tri\u1ec3n v\u00e0 ho\u00e0n thi\u1ec7n c\u00e1c d\u1ecbch v\u1ee5 c\u1ee7a m\u00ecnh. Ch\u00fang t\u00f4i cung c\u1ea5p m\u1ed9t lo\u1ea1t c\u00e1c li\u1ec7u tr\u00ecnh ch\u0103m s\u00f3c s\u1ee9c kh\u1ecfe v\u00e0 l\u00e0m \u0111\u1eb9p, t\u1eeb massage truy\u1ec1n th\u1ed1ng, ch\u0103m s\u00f3c da m\u1eb7t, tr\u1ecb li\u1ec7u c\u01a1 th\u1ec3 \u0111\u1ebfn c\u00e1c d\u1ecbch v\u1ee5 l\u00e0m \u0111\u1eb9p hi\u1ec7n \u0111\u1ea1i nh\u01b0 x\u00f4ng h\u01a1i, t\u1eafm tr\u1eafng v\u00e0 gi\u1ea3m b\u00e9o c\u00f4ng ngh\u1ec7 cao.<\/p>\n<p>\u0110\u1ed9i ng\u0169 chuy\u00ean vi\u00ean c\u1ee7a ch\u00fang t\u00f4i \u0111\u1ec1u l\u00e0 nh\u1eefng ng\u01b0\u1eddi c\u00f3 tr\u00ecnh \u0111\u1ed9 chuy\u00ean m\u00f4n cao, \u0111\u01b0\u1ee3c \u0111\u00e0o t\u1ea1o b\u00e0i b\u1ea3n v\u00e0 c\u00f3 nhi\u1ec1u n\u0103m kinh nghi\u1ec7m trong ng\u00e0nh. H\u1ecd kh\u00f4ng ch\u1ec9 gi\u1ecfi v\u1ec1 k\u1ef9 thu\u1eadt m\u00e0 c\u00f2n lu\u00f4n \u0111\u1eb7t t\u00e2m huy\u1ebft v\u00e0 s\u1ef1 t\u1eadn t\u00e2m v\u00e0o m\u1ed7i li\u1ec7u tr\u00ecnh, nh\u1eb1m mang l\u1ea1i hi\u1ec7u qu\u1ea3 t\u1ed1t nh\u1ea5t cho kh\u00e1ch h\u00e0ng. Ch\u00fang t\u00f4i s\u1eed d\u1ee5ng c\u00e1c s\u1ea3n ph\u1ea9m ch\u0103m s\u00f3c da v\u00e0 thi\u1ebft b\u1ecb hi\u1ec7n \u0111\u1ea1i, nh\u1eadp kh\u1ea9u t\u1eeb c\u00e1c n\u01b0\u1edbc ph\u00e1t tri\u1ec3n, \u0111\u1ea3m b\u1ea3o ch\u1ea5t l\u01b0\u1ee3ng v\u00e0 an to\u00e0n tuy\u1ec7t \u0111\u1ed1i.<\/p>\n<p>Kh\u00f4ng gian spa c\u1ee7a ch\u00fang t\u00f4i \u0111\u01b0\u1ee3c thi\u1ebft k\u1ebf sang tr\u1ecdng, \u1ea5m c\u00fang v\u00e0 tinh t\u1ebf, mang \u0111\u1ebfn c\u1ea3m gi\u00e1c tho\u1ea3i m\u00e1i v\u00e0 th\u01b0 gi\u00e3n ngay t\u1eeb l\u1ea7n \u0111\u1ea7u ti\u00ean b\u01b0\u1edbc v\u00e0o. Ch\u00fang t\u00f4i hi\u1ec3u r\u1eb1ng m\u1ed7i kh\u00e1ch h\u00e0ng \u0111\u1ec1u c\u00f3 nhu c\u1ea7u v\u00e0 mong mu\u1ed1n ri\u00eang, v\u00ec v\u1eady, ch\u00fang t\u00f4i lu\u00f4n l\u1eafng nghe v\u00e0 t\u01b0 v\u1ea5n k\u1ef9 l\u01b0\u1ee1ng \u0111\u1ec3 \u0111\u01b0a ra c\u00e1c li\u1ec7u tr\u00ecnh ph\u00f9 h\u1ee3p nh\u1ea5t.<\/p>\n<p>Ngo\u00e0i ra, ch\u00fang t\u00f4i c\u00f2n ch\u00fa tr\u1ecdng \u0111\u1ebfn vi\u1ec7c x\u00e2y d\u1ef1ng m\u1ed1i quan h\u1ec7 l\u00e2u d\u00e0i v\u1edbi kh\u00e1ch h\u00e0ng th\u00f4ng qua c\u00e1c ch\u01b0\u01a1ng tr\u00ecnh \u01b0u \u0111\u00e3i, th\u1ebb th\u00e0nh vi\u00ean v\u00e0 c\u00e1c d\u1ecbch v\u1ee5 ch\u0103m s\u00f3c h\u1eadu m\u00e3i. Ch\u00fang t\u00f4i tin r\u1eb1ng, s\u1ef1 h\u00e0i l\u00f2ng c\u1ee7a kh\u00e1ch h\u00e0ng ch\u00ednh l\u00e0 th\u01b0\u1edbc \u0111o th\u00e0nh c\u00f4ng c\u1ee7a ch\u00fang t\u00f4i.<\/p>\n<p>H\u00e3y \u0111\u1ebfn v\u1edbi c\u00f4ng ty ch\u00fang t\u00f4i \u0111\u1ec3 tr\u1ea3i nghi\u1ec7m nh\u1eefng ph\u00fat gi\u00e2y th\u01b0 gi\u00e3n tuy\u1ec7t v\u1eddi v\u00e0 d\u1ecbch v\u1ee5 ch\u0103m s\u00f3c s\u1ee9c kh\u1ecfe, l\u00e0m \u0111\u1eb9p \u0111\u1eb3ng c\u1ea5p. Ch\u00fang t\u00f4i cam k\u1ebft s\u1ebd mang \u0111\u1ebfn cho b\u1ea1n nh\u1eefng tr\u1ea3i nghi\u1ec7m v\u01b0\u1ee3t tr\u1ed9i v\u00e0 kh\u00e1c bi\u1ec7t.<\/p>\n","protected":false},"excerpt":{"rendered":"<p>C\u00f4ng ty ch\u00fang t\u00f4i t\u1ef1 h\u00e0o l\u00e0 m\u1ed9t trong nh\u1eefng \u0111\u01a1n v\u1ecb h\u00e0ng \u0111\u1ea7u trong l\u0129nh v\u1ef1c cung c\u1ea5p c\u00e1c d\u1ecbch v\u1ee5 spa cao c\u1ea5p t\u1ea1i Vi\u1ec7t Nam. V\u1edbi t\u1ea7m nh\u00ecn chi\u1ebfn l\u01b0\u1ee3c v\u00e0 s\u1ee9 m\u1ec7nh mang l\u1ea1i s\u1ef1 th\u01b0 gi\u00e3n tuy\u1ec7t \u0111\u1ed1i v\u00e0 ch\u0103m s\u00f3c s\u1ee9c kh\u1ecfe to\u00e0n di\u1ec7n cho kh\u00e1ch h\u00e0ng, ch\u00fang t\u00f4i&#8230;<\/p>\n","protected":false},"author":1,"featured_media":0,"parent":0,"menu_order":0,"comment_status":"closed","ping_status":"closed","template":"","meta":{"footnotes":""},"class_list":["post-8","page","type-page","status-publish","hentry"],"_links":{"self":[{"href":"https:\/\/sb.io.vn\/spa01\/wp-json\/wp\/v2\/pages\/8","targetHints":{"allow":["GET"]}}],"collection":[{"href":"https:\/\/sb.io.vn\/spa01\/wp-json\/wp\/v2\/pages"}],"about":[{"href":"https:\/\/sb.io.vn\/spa01\/wp-json\/wp\/v2\/types\/page"}],"author":[{"embeddable":true,"href":"https:\/\/sb.io.vn\/spa01\/wp-json\/wp\/v2\/users\/1"}],"replies":[{"embeddable":true,"href":"https:\/\/sb.io.vn\/spa01\/wp-json\/wp\/v2\/comments?post=8"}],"version-history":[{"count":2,"href":"https:\/\/sb.io.vn\/spa01\/wp-json\/wp\/v2\/pages\/8\/revisions"}],"predecessor-version":[{"id":200,"href":"https:\/\/sb.io.vn\/spa01\/wp-json\/wp\/v2\/pages\/8\/revisions\/200"}],"wp:attachment":[{"href":"https:\/\/sb.io.vn\/spa01\/wp-json\/wp\/v2\/media?parent=8"}],"curies":[{"name":"wp","href":"https:\/\/api.w.org\/{rel}","templated":true}]}}