{"id":9,"date":"2024-06-20T06:43:21","date_gmt":"2024-06-20T06:43:21","guid":{"rendered":"https:\/\/sb.io.vn\/acquy01\/?page_id=9"},"modified":"2024-06-22T03:08:26","modified_gmt":"2024-06-22T03:08:26","slug":"gioi-thieu","status":"publish","type":"page","link":"https:\/\/sb.io.vn\/acquy01\/gioi-thieu\/","title":{"rendered":"GI\u1edaI THI\u1ec6U"},"content":{"rendered":"\t<section class=\"section\" id=\"section_1813598898\">\n\t\t<div class=\"bg section-bg fill bg-fill  bg-loaded\" >\n\n\t\t\t\n\t\t\t\n\t\t\t\n\n\t\t<\/div>\n\n\t\t\n\n\t\t<div class=\"section-content relative\">\n\t\t\t\n<div class=\"row\"  id=\"row-1460712114\">\n\n\t<div id=\"col-908552033\" class=\"col small-12 large-12\"  >\n\t\t\t\t<div class=\"col-inner\"  >\n\t\t\t\n\t\t\t\n<p>C\u00f4ng ty ch\u00fang t\u00f4i l\u00e0 m\u1ed9t trong nh\u1eefng doanh nghi\u1ec7p h\u00e0ng \u0111\u1ea7u t\u1ea1i Vi\u1ec7t Nam chuy\u00ean cung c\u1ea5p d\u1ecbch v\u1ee5 v\u00e0 s\u1ea3n ph\u1ea9m v\u1ec1 b\u00ecnh \u1eafc quy. V\u1edbi nhi\u1ec1u n\u0103m kinh nghi\u1ec7m trong ng\u00e0nh, c\u00f4ng ty \u0111\u00e3 x\u00e2y d\u1ef1ng \u0111\u01b0\u1ee3c uy t\u00edn v\u1eefng ch\u1eafc v\u00e0 s\u1ef1 tin t\u01b0\u1edfng t\u1eeb kh\u00e1ch h\u00e0ng nh\u1edd v\u00e0o ch\u1ea5t l\u01b0\u1ee3ng s\u1ea3n ph\u1ea9m cao v\u00e0 d\u1ecbch v\u1ee5 ch\u0103m s\u00f3c kh\u00e1ch h\u00e0ng t\u1eadn t\u00e2m. Ch\u00fang t\u00f4i cung c\u1ea5p \u0111a d\u1ea1ng c\u00e1c lo\u1ea1i b\u00ecnh \u1eafc quy t\u1eeb c\u00e1c th\u01b0\u01a1ng hi\u1ec7u n\u1ed5i ti\u1ebfng, ph\u1ee5c v\u1ee5 cho nhi\u1ec1u nhu c\u1ea7u s\u1eed d\u1ee5ng kh\u00e1c nhau nh\u01b0 \u00f4 t\u00f4, xe m\u00e1y, h\u1ec7 th\u1ed1ng l\u01b0u \u0111i\u1ec7n (UPS), v\u00e0 c\u00e1c \u1ee9ng d\u1ee5ng c\u00f4ng nghi\u1ec7p.<\/p>\n<p>\u0110i\u1ec3m m\u1ea1nh c\u1ee7a c\u00f4ng ty kh\u00f4ng ch\u1ec9 n\u1eb1m \u1edf danh m\u1ee5c s\u1ea3n ph\u1ea9m phong ph\u00fa m\u00e0 c\u00f2n \u1edf d\u1ecbch v\u1ee5 h\u1eadu m\u00e3i chuy\u00ean nghi\u1ec7p. Ch\u00fang t\u00f4i lu\u00f4n s\u1eb5n s\u00e0ng h\u1ed7 tr\u1ee3 kh\u00e1ch h\u00e0ng t\u1eeb kh\u00e2u t\u01b0 v\u1ea5n, l\u1eafp \u0111\u1eb7t \u0111\u1ebfn b\u1ea3o h\u00e0nh v\u00e0 b\u1ea3o d\u01b0\u1ee1ng \u0111\u1ecbnh k\u1ef3. \u0110\u1ed9i ng\u0169 k\u1ef9 thu\u1eadt vi\u00ean c\u1ee7a c\u00f4ng ty \u0111\u01b0\u1ee3c \u0111\u00e0o t\u1ea1o b\u00e0i b\u1ea3n, c\u00f3 tay ngh\u1ec1 cao v\u00e0 lu\u00f4n s\u1eb5n s\u00e0ng \u0111\u00e1p \u1ee9ng m\u1ecdi y\u00eau c\u1ea7u k\u1ef9 thu\u1eadt c\u1ee7a kh\u00e1ch h\u00e0ng, \u0111\u1ea3m b\u1ea3o h\u1ec7 th\u1ed1ng b\u00ecnh \u1eafc quy ho\u1ea1t \u0111\u1ed9ng \u1ed5n \u0111\u1ecbnh v\u00e0 hi\u1ec7u qu\u1ea3.<\/p>\n<p>Ngo\u00e0i ra, c\u00f4ng ty c\u00f2n ch\u00fa tr\u1ecdng \u0111\u1ebfn vi\u1ec7c b\u1ea3o v\u1ec7 m\u00f4i tr\u01b0\u1eddng th\u00f4ng qua c\u00e1c ch\u01b0\u01a1ng tr\u00ecnh thu h\u1ed3i v\u00e0 t\u00e1i ch\u1ebf b\u00ecnh \u1eafc quy c\u0169, g\u00f3p ph\u1ea7n gi\u1ea3m thi\u1ec3u r\u00e1c th\u1ea3i nguy h\u1ea1i v\u00e0 ti\u1ebft ki\u1ec7m t\u00e0i nguy\u00ean. C\u00f4ng ty cam k\u1ebft cung c\u1ea5p s\u1ea3n ph\u1ea9m \u0111\u1ea1t ti\u00eau chu\u1ea9n ch\u1ea5t l\u01b0\u1ee3ng qu\u1ed1c t\u1ebf, an to\u00e0n cho ng\u01b0\u1eddi s\u1eed d\u1ee5ng v\u00e0 th\u00e2n thi\u1ec7n v\u1edbi m\u00f4i tr\u01b0\u1eddng.<\/p>\n<p>V\u1edbi ph\u01b0\u01a1ng ch\u00e2m &#8220;Ch\u1ea5t l\u01b0\u1ee3ng l\u00e0 uy t\u00edn, kh\u00e1ch h\u00e0ng l\u00e0 tr\u1ecdng t\u00e2m&#8221;, ch\u00fang t\u00f4i kh\u00f4ng ng\u1eebng n\u1ed7 l\u1ef1c c\u1ea3i ti\u1ebfn v\u00e0 ph\u00e1t tri\u1ec3n \u0111\u1ec3 mang \u0111\u1ebfn cho kh\u00e1ch h\u00e0ng nh\u1eefng s\u1ea3n ph\u1ea9m v\u00e0 d\u1ecbch v\u1ee5 t\u1ed1t nh\u1ea5t. C\u00f4ng ty t\u1ef1 h\u00e0o l\u00e0 \u0111\u1ed1i t\u00e1c tin c\u1eady c\u1ee7a nhi\u1ec1u doanh nghi\u1ec7p l\u1edbn trong v\u00e0 ngo\u00e0i n\u01b0\u1edbc, kh\u1eb3ng \u0111\u1ecbnh v\u1ecb th\u1ebf ti\u00ean phong trong ng\u00e0nh cung c\u1ea5p b\u00ecnh \u1eafc quy t\u1ea1i Vi\u1ec7t Nam.<\/p>\n\t\t<\/div>\n\t\t\t\t\t<\/div>\n\n\t\n<\/div>\n\t\t<\/div>\n\n\t\t\n<style>\n#section_1813598898 {\n  padding-top: 30px;\n  padding-bottom: 30px;\n}\n#section_1813598898 .ux-shape-divider--top svg {\n  height: 150px;\n  --divider-top-width: 100%;\n}\n#section_1813598898 .ux-shape-divider--bottom svg {\n  height: 150px;\n  --divider-width: 100%;\n}\n<\/style>\n\t<\/section>\n\t\n","protected":false},"excerpt":{"rendered":"","protected":false},"author":1,"featured_media":0,"parent":0,"menu_order":0,"comment_status":"closed","ping_status":"closed","template":"page-blank.php","meta":{"footnotes":""},"class_list":["post-9","page","type-page","status-publish","hentry"],"_links":{"self":[{"href":"https:\/\/sb.io.vn\/acquy01\/wp-json\/wp\/v2\/pages\/9","targetHints":{"allow":["GET"]}}],"collection":[{"href":"https:\/\/sb.io.vn\/acquy01\/wp-json\/wp\/v2\/pages"}],"about":[{"href":"https:\/\/sb.io.vn\/acquy01\/wp-json\/wp\/v2\/types\/page"}],"author":[{"embeddable":true,"href":"https:\/\/sb.io.vn\/acquy01\/wp-json\/wp\/v2\/users\/1"}],"replies":[{"embeddable":true,"href":"https:\/\/sb.io.vn\/acquy01\/wp-json\/wp\/v2\/comments?post=9"}],"version-history":[{"count":2,"href":"https:\/\/sb.io.vn\/acquy01\/wp-json\/wp\/v2\/pages\/9\/revisions"}],"predecessor-version":[{"id":147,"href":"https:\/\/sb.io.vn\/acquy01\/wp-json\/wp\/v2\/pages\/9\/revisions\/147"}],"wp:attachment":[{"href":"https:\/\/sb.io.vn\/acquy01\/wp-json\/wp\/v2\/media?parent=9"}],"curies":[{"name":"wp","href":"https:\/\/api.w.org\/{rel}","templated":true}]}}