{"id":19,"date":"2024-06-20T06:46:26","date_gmt":"2024-06-20T06:46:26","guid":{"rendered":"https:\/\/sb.io.vn\/acquy01\/?page_id=19"},"modified":"2024-06-22T03:21:58","modified_gmt":"2024-06-22T03:21:58","slug":"dich-vu","status":"publish","type":"page","link":"https:\/\/sb.io.vn\/acquy01\/dich-vu\/","title":{"rendered":"D\u1ecaCH V\u1ee4"},"content":{"rendered":"\t<section class=\"section\" id=\"section_1683033367\">\n\t\t<div class=\"bg section-bg fill bg-fill  bg-loaded\" >\n\n\t\t\t\n\t\t\t\n\t\t\t\n\n\t\t<\/div>\n\n\t\t\n\n\t\t<div class=\"section-content relative\">\n\t\t\t\n<div class=\"row\"  id=\"row-1393881205\">\n\n\t<div id=\"col-1821697802\" class=\"col small-12 large-12\"  >\n\t\t\t\t<div class=\"col-inner\"  >\n\t\t\t\n\t\t\t\n\n  \n    <div class=\"row large-columns-3 medium-columns-2 small-columns-1 row-small\">\n  <div class=\"col post-item\" >\n\t\t\t<div class=\"col-inner\">\n\t\t\t<a href=\"https:\/\/sb.io.vn\/acquy01\/dich-vu-thay-moi-binh-ac-quy-chinh-hang\/\" class=\"plain\">\n\t\t\t\t<div class=\"box box-normal box-text-bottom box-blog-post has-hover\">\n            \t\t\t\t\t<div class=\"box-image\" >\n  \t\t\t\t\t\t<div class=\"image-cover\" style=\"padding-top:56.25%;\">\n  \t\t\t\t\t\t\t<img loading=\"lazy\" decoding=\"async\" width=\"300\" height=\"225\" src=\"https:\/\/sb.io.vn\/acquy01\/wp-content\/uploads\/2024\/06\/dv1-300x225.jpg\" class=\"attachment-medium size-medium wp-post-image\" alt=\"\" srcset=\"https:\/\/sb.io.vn\/acquy01\/wp-content\/uploads\/2024\/06\/dv1-300x225.jpg 300w, https:\/\/sb.io.vn\/acquy01\/wp-content\/uploads\/2024\/06\/dv1.jpg 530w\" sizes=\"auto, (max-width: 300px) 100vw, 300px\" \/>  \t\t\t\t\t\t\t  \t\t\t\t\t\t\t  \t\t\t\t\t\t<\/div>\n  \t\t\t\t\t\t  \t\t\t\t\t<\/div>\n          \t\t\t\t\t<div class=\"box-text text-center\" >\n\t\t\t\t\t<div class=\"box-text-inner blog-post-inner\">\n\n\t\t\t\t\t\n\t\t\t\t\t\t\t\t\t\t<h5 class=\"post-title is-large \">D\u1ecbch v\u1ee5 thay m\u1edbi b\u00ecnh \u1eafc quy ch\u00ednh h\u00e3ng<\/h5>\n\t\t\t\t\t\t\t\t\t\t<div class=\"is-divider\"><\/div>\n\t\t\t\t\t\t\t\t\t\t<p class=\"from_the_blog_excerpt \">Ch\u00fang t\u00f4i ph\u1ee5c v\u1ee5 kh\u00e1ch h\u00e0ng thay m\u1edbi \u1eafc quy ch\u00ednh h\u00e3ng 100% v\u1edbi gi\u00e1...\t\t\t\t\t<\/p>\n\t\t\t\t\t                    \n\t\t\t\t\t\n\t\t\t\t\t\n\t\t\t\t\t<\/div>\n\t\t\t\t\t<\/div>\n\t\t\t\t\t\t\t\t\t<\/div>\n\t\t\t\t<\/a>\n\t\t\t<\/div>\n\t\t<\/div><div class=\"col post-item\" >\n\t\t\t<div class=\"col-inner\">\n\t\t\t<a href=\"https:\/\/sb.io.vn\/acquy01\/dich-vu-kiem-tra-cuu-ho-binh-ac-quy\/\" class=\"plain\">\n\t\t\t\t<div class=\"box box-normal box-text-bottom box-blog-post has-hover\">\n            \t\t\t\t\t<div class=\"box-image\" >\n  \t\t\t\t\t\t<div class=\"image-cover\" style=\"padding-top:56.25%;\">\n  \t\t\t\t\t\t\t<img loading=\"lazy\" decoding=\"async\" width=\"300\" height=\"225\" src=\"https:\/\/sb.io.vn\/acquy01\/wp-content\/uploads\/2024\/06\/dv2-300x225.jpg\" class=\"attachment-medium size-medium wp-post-image\" alt=\"\" srcset=\"https:\/\/sb.io.vn\/acquy01\/wp-content\/uploads\/2024\/06\/dv2-300x225.jpg 300w, https:\/\/sb.io.vn\/acquy01\/wp-content\/uploads\/2024\/06\/dv2.jpg 531w\" sizes=\"auto, (max-width: 300px) 100vw, 300px\" \/>  \t\t\t\t\t\t\t  \t\t\t\t\t\t\t  \t\t\t\t\t\t<\/div>\n  \t\t\t\t\t\t  \t\t\t\t\t<\/div>\n          \t\t\t\t\t<div class=\"box-text text-center\" >\n\t\t\t\t\t<div class=\"box-text-inner blog-post-inner\">\n\n\t\t\t\t\t\n\t\t\t\t\t\t\t\t\t\t<h5 class=\"post-title is-large \">D\u1ecbch v\u1ee5 ki\u1ec3m tra c\u1ee9u h\u1ed9 b\u00ecnh \u1eafc quy<\/h5>\n\t\t\t\t\t\t\t\t\t\t<div class=\"is-divider\"><\/div>\n\t\t\t\t\t\t\t\t\t\t<p class=\"from_the_blog_excerpt \">Ki\u1ec3m tra c\u1ee9u h\u1ed9 c\u00e1c d\u00f2ng s\u1ea3n ph\u1ea9m nhanh nh\u1ea5t v\u00e0 t\u1eadn t\u00ecnh. V\u1edbi \u0111\u1ed9i...\t\t\t\t\t<\/p>\n\t\t\t\t\t                    \n\t\t\t\t\t\n\t\t\t\t\t\n\t\t\t\t\t<\/div>\n\t\t\t\t\t<\/div>\n\t\t\t\t\t\t\t\t\t<\/div>\n\t\t\t\t<\/a>\n\t\t\t<\/div>\n\t\t<\/div><div class=\"col post-item\" >\n\t\t\t<div class=\"col-inner\">\n\t\t\t<a href=\"https:\/\/sb.io.vn\/acquy01\/dich-vu-thu-hoi-ac-quy-thai\/\" class=\"plain\">\n\t\t\t\t<div class=\"box box-normal box-text-bottom box-blog-post has-hover\">\n            \t\t\t\t\t<div class=\"box-image\" >\n  \t\t\t\t\t\t<div class=\"image-cover\" style=\"padding-top:56.25%;\">\n  \t\t\t\t\t\t\t<img loading=\"lazy\" decoding=\"async\" width=\"300\" height=\"225\" src=\"https:\/\/sb.io.vn\/acquy01\/wp-content\/uploads\/2024\/06\/dv3-300x225.jpg\" class=\"attachment-medium size-medium wp-post-image\" alt=\"\" srcset=\"https:\/\/sb.io.vn\/acquy01\/wp-content\/uploads\/2024\/06\/dv3-300x225.jpg 300w, https:\/\/sb.io.vn\/acquy01\/wp-content\/uploads\/2024\/06\/dv3.jpg 525w\" sizes=\"auto, (max-width: 300px) 100vw, 300px\" \/>  \t\t\t\t\t\t\t  \t\t\t\t\t\t\t  \t\t\t\t\t\t<\/div>\n  \t\t\t\t\t\t  \t\t\t\t\t<\/div>\n          \t\t\t\t\t<div class=\"box-text text-center\" >\n\t\t\t\t\t<div class=\"box-text-inner blog-post-inner\">\n\n\t\t\t\t\t\n\t\t\t\t\t\t\t\t\t\t<h5 class=\"post-title is-large \">D\u1ecbch v\u1ee5 THU H\u1ed2I \u1eaeC QUY TH\u1ea2I<\/h5>\n\t\t\t\t\t\t\t\t\t\t<div class=\"is-divider\"><\/div>\n\t\t\t\t\t\t\t\t\t\t<p class=\"from_the_blog_excerpt \">Chuy\u00ean thu mua c\u00e1c d\u00f2ng \u1eafc quy \u0111\u00e3 qua s\u1eed d\u1ee5ng v\u1edbi gi\u00e1 t\u1ed1t nh\u1ea5t...\t\t\t\t\t<\/p>\n\t\t\t\t\t                    \n\t\t\t\t\t\n\t\t\t\t\t\n\t\t\t\t\t<\/div>\n\t\t\t\t\t<\/div>\n\t\t\t\t\t\t\t\t\t<\/div>\n\t\t\t\t<\/a>\n\t\t\t<\/div>\n\t\t<\/div><\/div>\n\t\t<\/div>\n\t\t\t\t\t<\/div>\n\n\t\n<\/div>\n\t\t<\/div>\n\n\t\t\n<style>\n#section_1683033367 {\n  padding-top: 30px;\n  padding-bottom: 30px;\n}\n#section_1683033367 .ux-shape-divider--top svg {\n  height: 150px;\n  --divider-top-width: 100%;\n}\n#section_1683033367 .ux-shape-divider--bottom svg {\n  height: 150px;\n  --divider-width: 100%;\n}\n<\/style>\n\t<\/section>\n\t\n","protected":false},"excerpt":{"rendered":"","protected":false},"author":1,"featured_media":0,"parent":0,"menu_order":0,"comment_status":"closed","ping_status":"closed","template":"page-blank.php","meta":{"footnotes":""},"class_list":["post-19","page","type-page","status-publish","hentry"],"_links":{"self":[{"href":"https:\/\/sb.io.vn\/acquy01\/wp-json\/wp\/v2\/pages\/19","targetHints":{"allow":["GET"]}}],"collection":[{"href":"https:\/\/sb.io.vn\/acquy01\/wp-json\/wp\/v2\/pages"}],"about":[{"href":"https:\/\/sb.io.vn\/acquy01\/wp-json\/wp\/v2\/types\/page"}],"author":[{"embeddable":true,"href":"https:\/\/sb.io.vn\/acquy01\/wp-json\/wp\/v2\/users\/1"}],"replies":[{"embeddable":true,"href":"https:\/\/sb.io.vn\/acquy01\/wp-json\/wp\/v2\/comments?post=19"}],"version-history":[{"count":3,"href":"https:\/\/sb.io.vn\/acquy01\/wp-json\/wp\/v2\/pages\/19\/revisions"}],"predecessor-version":[{"id":149,"href":"https:\/\/sb.io.vn\/acquy01\/wp-json\/wp\/v2\/pages\/19\/revisions\/149"}],"wp:attachment":[{"href":"https:\/\/sb.io.vn\/acquy01\/wp-json\/wp\/v2\/media?parent=19"}],"curies":[{"name":"wp","href":"https:\/\/api.w.org\/{rel}","templated":true}]}}